{"id":10718,"date":"2024-09-25T16:55:06","date_gmt":"2024-09-25T16:55:06","guid":{"rendered":"https:\/\/wmr-law.ca\/?page_id=10718"},"modified":"2025-03-17T18:23:58","modified_gmt":"2025-03-17T18:23:58","slug":"yurianny-morales-esis","status":"publish","type":"page","link":"https:\/\/wmr-law.ca\/en\/yurianny-morales-esis\/","title":{"rendered":"YURIANNY MORALES ESIS"},"content":{"rendered":"\t\t<div data-elementor-type=\"wp-page\" data-elementor-id=\"10718\" class=\"elementor elementor-10718 elementor-10711\" data-elementor-post-type=\"page\">\n\t\t\t\t<div class=\"elementor-element elementor-element-2737fd5a e-flex e-con-boxed e-con e-parent\" data-id=\"2737fd5a\" data-element_type=\"container\">\n\t\t\t\t\t<div class=\"e-con-inner\">\n\t\t<div class=\"elementor-element elementor-element-58013681 e-con-full e-flex e-con e-child\" data-id=\"58013681\" data-element_type=\"container\">\n\t\t\t\t<div class=\"elementor-element elementor-element-5165c41e elementor-widget elementor-widget-image\" data-id=\"5165c41e\" data-element_type=\"widget\" data-widget_type=\"image.default\">\n\t\t\t\t<div class=\"elementor-widget-container\">\n\t\t\t\t\t\t\t\t\t\t\t\t\t\t\t<img fetchpriority=\"high\" decoding=\"async\" width=\"500\" height=\"500\" src=\"https:\/\/wmr-law.ca\/wp-content\/uploads\/2024\/11\/yuri_500x500-min.png\" class=\"attachment-large size-large wp-image-10975\" alt=\"\" srcset=\"https:\/\/wmr-law.ca\/wp-content\/uploads\/2024\/11\/yuri_500x500-min.png 500w, https:\/\/wmr-law.ca\/wp-content\/uploads\/2024\/11\/yuri_500x500-min-300x300.png 300w, https:\/\/wmr-law.ca\/wp-content\/uploads\/2024\/11\/yuri_500x500-min-150x150.png 150w, https:\/\/wmr-law.ca\/wp-content\/uploads\/2024\/11\/yuri_500x500-min-270x270.png 270w, https:\/\/wmr-law.ca\/wp-content\/uploads\/2024\/11\/yuri_500x500-min-100x100.png 100w\" sizes=\"(max-width: 500px) 100vw, 500px\" \/>\t\t\t\t\t\t\t\t\t\t\t\t\t\t\t<\/div>\n\t\t\t\t<\/div>\n\t\t\t\t<\/div>\n\t\t<div class=\"elementor-element elementor-element-66079570 e-con-full e-flex e-con e-child\" data-id=\"66079570\" data-element_type=\"container\">\n\t\t\t\t<div class=\"elementor-element elementor-element-3ee19c41 elementor-widget elementor-widget-heading\" data-id=\"3ee19c41\" data-element_type=\"widget\" data-widget_type=\"heading.default\">\n\t\t\t\t<div class=\"elementor-widget-container\">\n\t\t\t\t\t<h2 class=\"elementor-heading-title elementor-size-default\">YURIANNY MORALES ESIS<\/h2>\t\t\t\t<\/div>\n\t\t\t\t<\/div>\n\t\t\t\t<div class=\"elementor-element elementor-element-7bfad3fc elementor-widget elementor-widget-heading\" data-id=\"7bfad3fc\" data-element_type=\"widget\" data-widget_type=\"heading.default\">\n\t\t\t\t<div class=\"elementor-widget-container\">\n\t\t\t\t\t<div class=\"elementor-heading-title elementor-size-default\">R\u00c9CEPTIONNISTE ET ADJOINTE ADMINISTRATIVE <\/div>\t\t\t\t<\/div>\n\t\t\t\t<\/div>\n\t\t<div class=\"elementor-element elementor-element-2b47443e e-grid e-con-boxed e-con e-child\" data-id=\"2b47443e\" data-element_type=\"container\">\n\t\t\t\t\t<div class=\"e-con-inner\">\n\t\t\t\t<div class=\"elementor-element elementor-element-d81767f elementor-icon-list--layout-traditional elementor-list-item-link-full_width elementor-widget elementor-widget-icon-list\" data-id=\"d81767f\" data-element_type=\"widget\" data-widget_type=\"icon-list.default\">\n\t\t\t\t<div class=\"elementor-widget-container\">\n\t\t\t\t\t\t\t<ul class=\"elementor-icon-list-items\">\n\t\t\t\t\t\t\t<li class=\"elementor-icon-list-item\">\n\t\t\t\t\t\t\t\t\t\t\t<a href=\"mailto:\">\n\n\t\t\t\t\t\t\t\t\t\t\t\t<span class=\"elementor-icon-list-icon\">\n\t\t\t\t\t\t\t<svg aria-hidden=\"true\" class=\"e-font-icon-svg e-far-envelope\" viewBox=\"0 0 512 512\" xmlns=\"http:\/\/www.w3.org\/2000\/svg\"><path d=\"M464 64H48C21.49 64 0 85.49 0 112v288c0 26.51 21.49 48 48 48h416c26.51 0 48-21.49 48-48V112c0-26.51-21.49-48-48-48zm0 48v40.805c-22.422 18.259-58.168 46.651-134.587 106.49-16.841 13.247-50.201 45.072-73.413 44.701-23.208.375-56.579-31.459-73.413-44.701C106.18 199.465 70.425 171.067 48 152.805V112h416zM48 400V214.398c22.914 18.251 55.409 43.862 104.938 82.646 21.857 17.205 60.134 55.186 103.062 54.955 42.717.231 80.509-37.199 103.053-54.947 49.528-38.783 82.032-64.401 104.947-82.653V400H48z\"><\/path><\/svg>\t\t\t\t\t\t<\/span>\n\t\t\t\t\t\t\t\t\t\t<span class=\"elementor-icon-list-text\">ymorales@wmr-law.ca<\/span>\n\t\t\t\t\t\t\t\t\t\t\t<\/a>\n\t\t\t\t\t\t\t\t\t<\/li>\n\t\t\t\t\t\t<\/ul>\n\t\t\t\t\t\t<\/div>\n\t\t\t\t<\/div>\n\t\t\t\t<div class=\"elementor-element elementor-element-1434e228 elementor-icon-list--layout-traditional elementor-list-item-link-full_width elementor-widget elementor-widget-icon-list\" data-id=\"1434e228\" data-element_type=\"widget\" data-widget_type=\"icon-list.default\">\n\t\t\t\t<div class=\"elementor-widget-container\">\n\t\t\t\t\t\t\t<ul class=\"elementor-icon-list-items\">\n\t\t\t\t\t\t\t<li class=\"elementor-icon-list-item\">\n\t\t\t\t\t\t\t\t\t\t\t<span class=\"elementor-icon-list-icon\">\n\t\t\t\t\t\t\t<svg aria-hidden=\"true\" class=\"e-font-icon-svg e-fas-phone\" viewBox=\"0 0 512 512\" xmlns=\"http:\/\/www.w3.org\/2000\/svg\"><path d=\"M493.4 24.6l-104-24c-11.3-2.6-22.9 3.3-27.5 13.9l-48 112c-4.2 9.8-1.4 21.3 6.9 28l60.6 49.6c-36 76.7-98.9 140.5-177.2 177.2l-49.6-60.6c-6.8-8.3-18.2-11.1-28-6.9l-112 48C3.9 366.5-2 378.1.6 389.4l24 104C27.1 504.2 36.7 512 48 512c256.1 0 464-207.5 464-464 0-11.2-7.7-20.9-18.6-23.4z\"><\/path><\/svg>\t\t\t\t\t\t<\/span>\n\t\t\t\t\t\t\t\t\t\t<span class=\"elementor-icon-list-text\">+1 514 907-3231 ext. 201<\/span>\n\t\t\t\t\t\t\t\t\t<\/li>\n\t\t\t\t\t\t<\/ul>\n\t\t\t\t\t\t<\/div>\n\t\t\t\t<\/div>\n\t\t\t\t\t<\/div>\n\t\t\t\t<\/div>\n\t\t<div class=\"elementor-element elementor-element-3aa94747 e-grid e-con-boxed e-con e-child\" data-id=\"3aa94747\" data-element_type=\"container\">\n\t\t\t\t\t<div class=\"e-con-inner\">\n\t\t\t\t<div class=\"elementor-element elementor-element-61dae65c e-grid-align-left elementor-shape-rounded elementor-grid-0 elementor-widget elementor-widget-social-icons\" data-id=\"61dae65c\" data-element_type=\"widget\" data-widget_type=\"social-icons.default\">\n\t\t\t\t<div class=\"elementor-widget-container\">\n\t\t\t\t\t\t\t<div class=\"elementor-social-icons-wrapper elementor-grid\" role=\"list\">\n\t\t\t\t\t\t\t<span class=\"elementor-grid-item\" role=\"listitem\">\n\t\t\t\t\t<a class=\"elementor-icon elementor-social-icon elementor-social-icon-linkedin elementor-repeater-item-5d09175\" target=\"_blank\">\n\t\t\t\t\t\t<span class=\"elementor-screen-only\">Linkedin<\/span>\n\t\t\t\t\t\t<svg aria-hidden=\"true\" class=\"e-font-icon-svg e-fab-linkedin\" viewBox=\"0 0 448 512\" xmlns=\"http:\/\/www.w3.org\/2000\/svg\"><path d=\"M416 32H31.9C14.3 32 0 46.5 0 64.3v383.4C0 465.5 14.3 480 31.9 480H416c17.6 0 32-14.5 32-32.3V64.3c0-17.8-14.4-32.3-32-32.3zM135.4 416H69V202.2h66.5V416zm-33.2-243c-21.3 0-38.5-17.3-38.5-38.5S80.9 96 102.2 96c21.2 0 38.5 17.3 38.5 38.5 0 21.3-17.2 38.5-38.5 38.5zm282.1 243h-66.4V312c0-24.8-.5-56.7-34.5-56.7-34.6 0-39.9 27-39.9 54.9V416h-66.4V202.2h63.7v29.2h.9c8.9-16.8 30.6-34.5 62.9-34.5 67.2 0 79.7 44.3 79.7 101.9V416z\"><\/path><\/svg>\t\t\t\t\t<\/a>\n\t\t\t\t<\/span>\n\t\t\t\t\t\t\t<span class=\"elementor-grid-item\" role=\"listitem\">\n\t\t\t\t\t<a class=\"elementor-icon elementor-social-icon elementor-social-icon-facebook elementor-repeater-item-3104d06\" target=\"_blank\">\n\t\t\t\t\t\t<span class=\"elementor-screen-only\">Facebook<\/span>\n\t\t\t\t\t\t<svg aria-hidden=\"true\" class=\"e-font-icon-svg e-fab-facebook\" viewBox=\"0 0 512 512\" xmlns=\"http:\/\/www.w3.org\/2000\/svg\"><path d=\"M504 256C504 119 393 8 256 8S8 119 8 256c0 123.78 90.69 226.38 209.25 245V327.69h-63V256h63v-54.64c0-62.15 37-96.48 93.67-96.48 27.14 0 55.52 4.84 55.52 4.84v61h-31.28c-30.8 0-40.41 19.12-40.41 38.73V256h68.78l-11 71.69h-57.78V501C413.31 482.38 504 379.78 504 256z\"><\/path><\/svg>\t\t\t\t\t<\/a>\n\t\t\t\t<\/span>\n\t\t\t\t\t<\/div>\n\t\t\t\t\t\t<\/div>\n\t\t\t\t<\/div>\n\t\t\t\t\t<\/div>\n\t\t\t\t<\/div>\n\t\t\t\t<div class=\"elementor-element elementor-element-29d95fb2 elementor-widget elementor-widget-text-editor\" data-id=\"29d95fb2\" data-element_type=\"widget\" data-widget_type=\"text-editor.default\">\n\t\t\t\t<div class=\"elementor-widget-container\">\n\t\t\t\t\t\t\t\t\t<p><em>\u00ab&nbsp;Bienvenue chez WMR !&nbsp;\u00bb<\/em>&nbsp; Chaque jour, Yurianny accueille et oriente, avec un large sourire et une courtoisie sans faille, les clients qui se pr\u00e9sentent \u00e0 un rendez-vous. Insufflant la bonne humeur, notre r\u00e9ceptionniste et adjointe administrative fait tout son possible pour proposer une visite agr\u00e9able et rassurante.<\/p>\n<p>Toujours motiv\u00e9e et enthousiaste, elle effectue, en parall\u00e8le, la distribution du courrier, mais aussi l\u2019ouverture et la fermeture des dossiers, y compris les t\u00e2ches administratives reli\u00e9es. Plus largement, elle a en charge le classement papier et \u00e9lectronique, le suivi et l\u2019organisation des dossiers. M\u00e9thodique, Yurianny assure \u00e9galement la coordination avec le service comptable pour les transactions et la facturation.&nbsp;Elle veille aussi \u00e0 v\u00e9rifier la disponibilit\u00e9 des salles de r\u00e9union et la tenue impeccable des bureaux.<\/p>\n<p>Yurianny aime organiser et g\u00e9rer les t\u00e2ches, car cela lui permet de maintenir le flux de travail en ordre. Anim\u00e9e par le d\u00e9sir d\u2019aider son prochain et passionn\u00e9e par la notion de justice, elle a choisi en toute logique la voie juridique. D\u00e8s son plus jeune \u00e2ge, elle a d\u00e9velopp\u00e9 un int\u00e9r\u00eat naturel pour la r\u00e9solution de probl\u00e8mes. Ainsi, elle a voulu comprendre le syst\u00e8me juridique et son impact sur la vie des gens. Empathique et r\u00e9siliente, elle se sent utile dans un domaine o\u00f9 elle peut d\u00e9fendre les droits des autres et contribuer \u00e0 un changement positif dans la soci\u00e9t\u00e9.<\/p>\n<p>Aujourd\u2019hui, elle appr\u00e9cie son travail,&nbsp;car il lui offre la possibilit\u00e9 d\u2019interagir avec beaucoup de monde et d\u2019\u00eatre un soutien d\u00e9terminant pour l\u2019\u00e9quipe. En combinant le service \u00e0 la client\u00e8le et les comp\u00e9tences organisationnelles, Yurianny est satisfaite et \u00e9panouie professionnellement.<\/p>\n<p>Une fois ses heures de travail termin\u00e9es, Yurianny profite de son temps libre pour lire et regarder des s\u00e9ries t\u00e9l\u00e9vis\u00e9es, faire de la randonn\u00e9e, d\u00e9couvrir de nouveaux lieux et passer des moments joyeux avec ses proches.<\/p>\n<p><strong>Sa devise ?<br><\/strong>\u00ab&nbsp;La vie, c\u2019est comme une bicyclette, il faut avancer pour ne pas perdre l\u2019\u00e9quilibre \u00bb &#8211; Einstein<\/p>\t\t\t\t\t\t\t\t<\/div>\n\t\t\t\t<\/div>\n\t\t\t\t<\/div>\n\t\t\t\t\t<\/div>\n\t\t\t\t<\/div>\n\t\t<div class=\"elementor-element elementor-element-33ba8a77 e-con-full e-flex e-con e-parent\" data-id=\"33ba8a77\" data-element_type=\"container\" data-settings=\"{&quot;background_background&quot;:&quot;classic&quot;}\">\n\t\t<div class=\"elementor-element elementor-element-2dcf1ddc e-grid e-con-boxed e-con e-child\" data-id=\"2dcf1ddc\" data-element_type=\"container\">\n\t\t\t\t\t<div class=\"e-con-inner\">\n\t\t\t\t<div class=\"elementor-element elementor-element-501e6a elementor-widget elementor-widget-heading\" data-id=\"501e6a\" data-element_type=\"widget\" data-widget_type=\"heading.default\">\n\t\t\t\t<div class=\"elementor-widget-container\">\n\t\t\t\t\t<h3 class=\"elementor-heading-title elementor-size-default\">Formation<\/h3>\t\t\t\t<\/div>\n\t\t\t\t<\/div>\n\t\t\t\t\t<\/div>\n\t\t\t\t<\/div>\n\t\t\t\t<\/div>\n\t\t<div class=\"elementor-element elementor-element-6b463bcc e-flex e-con-boxed e-con e-parent\" data-id=\"6b463bcc\" data-element_type=\"container\" data-settings=\"{&quot;background_background&quot;:&quot;classic&quot;}\">\n\t\t\t\t\t<div class=\"e-con-inner\">\n\t\t<div class=\"elementor-element elementor-element-42f97f5f e-con-full e-flex e-con e-child\" data-id=\"42f97f5f\" data-element_type=\"container\">\n\t\t\t\t<div class=\"elementor-element elementor-element-5e2bc320 elementor-widget elementor-widget-heading\" data-id=\"5e2bc320\" data-element_type=\"widget\" data-widget_type=\"heading.default\">\n\t\t\t\t<div class=\"elementor-widget-container\">\n\t\t\t\t\t<h4 class=\"elementor-heading-title elementor-size-default\">Universit\u00e9 du Zulia, Venezuela<\/h4>\t\t\t\t<\/div>\n\t\t\t\t<\/div>\n\t\t\t\t<div class=\"elementor-element elementor-element-5e6edb7a elementor-widget elementor-widget-heading\" data-id=\"5e6edb7a\" data-element_type=\"widget\" data-widget_type=\"heading.default\">\n\t\t\t\t<div class=\"elementor-widget-container\">\n\t\t\t\t\t<div class=\"elementor-heading-title elementor-size-default\">2016<\/div>\t\t\t\t<\/div>\n\t\t\t\t<\/div>\n\t\t\t\t<div class=\"elementor-element elementor-element-17e737b6 elementor-widget elementor-widget-heading\" data-id=\"17e737b6\" data-element_type=\"widget\" data-widget_type=\"heading.default\">\n\t\t\t\t<div class=\"elementor-widget-container\">\n\t\t\t\t\t<div class=\"elementor-heading-title elementor-size-default\">Avocate<\/div>\t\t\t\t<\/div>\n\t\t\t\t<\/div>\n\t\t\t\t<\/div>\n\t\t<div class=\"elementor-element elementor-element-287847a4 e-con-full e-flex e-con e-child\" data-id=\"287847a4\" data-element_type=\"container\">\n\t\t\t\t<\/div>\n\t\t\t\t\t<\/div>\n\t\t\t\t<\/div>\n\t\t<div class=\"elementor-element elementor-element-5169c97 e-flex e-con-boxed e-con e-parent\" data-id=\"5169c97\" data-element_type=\"container\">\n\t\t\t\t\t<div class=\"e-con-inner\">\n\t\t<div class=\"elementor-element elementor-element-403ddedc e-con-full e-flex e-con e-child\" data-id=\"403ddedc\" data-element_type=\"container\">\n\t\t\t\t<div class=\"elementor-element elementor-element-5438ed34 elementor-widget__width-inherit elementor-widget elementor-widget-heading\" data-id=\"5438ed34\" data-element_type=\"widget\" data-widget_type=\"heading.default\">\n\t\t\t\t<div class=\"elementor-widget-container\">\n\t\t\t\t\t<h3 class=\"elementor-heading-title elementor-size-default\">Langues<\/h3>\t\t\t\t<\/div>\n\t\t\t\t<\/div>\n\t\t\t\t<div class=\"elementor-element elementor-element-5706fdff elementor-align-left elementor-icon-list--layout-traditional elementor-list-item-link-full_width elementor-widget elementor-widget-icon-list\" data-id=\"5706fdff\" data-element_type=\"widget\" data-widget_type=\"icon-list.default\">\n\t\t\t\t<div class=\"elementor-widget-container\">\n\t\t\t\t\t\t\t<ul class=\"elementor-icon-list-items\">\n\t\t\t\t\t\t\t<li class=\"elementor-icon-list-item\">\n\t\t\t\t\t\t\t\t\t\t\t<span class=\"elementor-icon-list-icon\">\n\t\t\t\t\t\t\t<svg aria-hidden=\"true\" class=\"e-font-icon-svg e-fas-check-circle\" viewBox=\"0 0 512 512\" xmlns=\"http:\/\/www.w3.org\/2000\/svg\"><path d=\"M504 256c0 136.967-111.033 248-248 248S8 392.967 8 256 119.033 8 256 8s248 111.033 248 248zM227.314 387.314l184-184c6.248-6.248 6.248-16.379 0-22.627l-22.627-22.627c-6.248-6.249-16.379-6.249-22.628 0L216 308.118l-70.059-70.059c-6.248-6.248-16.379-6.248-22.628 0l-22.627 22.627c-6.248 6.248-6.248 16.379 0 22.627l104 104c6.249 6.249 16.379 6.249 22.628.001z\"><\/path><\/svg>\t\t\t\t\t\t<\/span>\n\t\t\t\t\t\t\t\t\t\t<span class=\"elementor-icon-list-text\">Espagnol <\/span>\n\t\t\t\t\t\t\t\t\t<\/li>\n\t\t\t\t\t\t\t\t<li class=\"elementor-icon-list-item\">\n\t\t\t\t\t\t\t\t\t\t\t<span class=\"elementor-icon-list-icon\">\n\t\t\t\t\t\t\t<svg aria-hidden=\"true\" class=\"e-font-icon-svg e-fas-check-circle\" viewBox=\"0 0 512 512\" xmlns=\"http:\/\/www.w3.org\/2000\/svg\"><path d=\"M504 256c0 136.967-111.033 248-248 248S8 392.967 8 256 119.033 8 256 8s248 111.033 248 248zM227.314 387.314l184-184c6.248-6.248 6.248-16.379 0-22.627l-22.627-22.627c-6.248-6.249-16.379-6.249-22.628 0L216 308.118l-70.059-70.059c-6.248-6.248-16.379-6.248-22.628 0l-22.627 22.627c-6.248 6.248-6.248 16.379 0 22.627l104 104c6.249 6.249 16.379 6.249 22.628.001z\"><\/path><\/svg>\t\t\t\t\t\t<\/span>\n\t\t\t\t\t\t\t\t\t\t<span class=\"elementor-icon-list-text\">Anglais<\/span>\n\t\t\t\t\t\t\t\t\t<\/li>\n\t\t\t\t\t\t\t\t<li class=\"elementor-icon-list-item\">\n\t\t\t\t\t\t\t\t\t\t\t<span class=\"elementor-icon-list-icon\">\n\t\t\t\t\t\t\t<svg aria-hidden=\"true\" class=\"e-font-icon-svg e-fas-check-circle\" viewBox=\"0 0 512 512\" xmlns=\"http:\/\/www.w3.org\/2000\/svg\"><path d=\"M504 256c0 136.967-111.033 248-248 248S8 392.967 8 256 119.033 8 256 8s248 111.033 248 248zM227.314 387.314l184-184c6.248-6.248 6.248-16.379 0-22.627l-22.627-22.627c-6.248-6.249-16.379-6.249-22.628 0L216 308.118l-70.059-70.059c-6.248-6.248-16.379-6.248-22.628 0l-22.627 22.627c-6.248 6.248-6.248 16.379 0 22.627l104 104c6.249 6.249 16.379 6.249 22.628.001z\"><\/path><\/svg>\t\t\t\t\t\t<\/span>\n\t\t\t\t\t\t\t\t\t\t<span class=\"elementor-icon-list-text\">Fran\u00e7ais<\/span>\n\t\t\t\t\t\t\t\t\t<\/li>\n\t\t\t\t\t\t<\/ul>\n\t\t\t\t\t\t<\/div>\n\t\t\t\t<\/div>\n\t\t\t\t<\/div>\n\t\t\t\t\t<\/div>\n\t\t\t\t<\/div>\n\t\t\t\t<\/div>\n\t\t","protected":false},"excerpt":{"rendered":"<p>YURIANNY MORALES ESIS R\u00c9CEPTIONNISTE ET ADJOINTE ADMINISTRATIVE ymorales@wmr-law.ca +1 514 907-3231 ext. 201 Linkedin Facebook \u00ab\u00a0Bienvenue chez WMR !\u00a0\u00bb\u00a0 Chaque jour, Yurianny accueille et oriente, avec un large sourire et une courtoisie sans faille, les clients qui se pr\u00e9sentent \u00e0 un rendez-vous. Insufflant la bonne humeur, notre r\u00e9ceptionniste et adjointe administrative fait tout son possible&#8230;<\/p>\n","protected":false},"author":5,"featured_media":0,"parent":0,"menu_order":0,"comment_status":"closed","ping_status":"closed","template":"elementor_header_footer","meta":{"footnotes":""},"class_list":["post-10718","page","type-page","status-publish","hentry"],"aioseo_notices":[],"_links":{"self":[{"href":"https:\/\/wmr-law.ca\/en\/wp-json\/wp\/v2\/pages\/10718","targetHints":{"allow":["GET"]}}],"collection":[{"href":"https:\/\/wmr-law.ca\/en\/wp-json\/wp\/v2\/pages"}],"about":[{"href":"https:\/\/wmr-law.ca\/en\/wp-json\/wp\/v2\/types\/page"}],"author":[{"embeddable":true,"href":"https:\/\/wmr-law.ca\/en\/wp-json\/wp\/v2\/users\/5"}],"replies":[{"embeddable":true,"href":"https:\/\/wmr-law.ca\/en\/wp-json\/wp\/v2\/comments?post=10718"}],"version-history":[{"count":0,"href":"https:\/\/wmr-law.ca\/en\/wp-json\/wp\/v2\/pages\/10718\/revisions"}],"wp:attachment":[{"href":"https:\/\/wmr-law.ca\/en\/wp-json\/wp\/v2\/media?parent=10718"}],"curies":[{"name":"wp","href":"https:\/\/api.w.org\/{rel}","templated":true}]}}