{"id":8068,"date":"2019-05-13T04:43:14","date_gmt":"2019-05-13T04:43:14","guid":{"rendered":"https:\/\/wmr-law.ca\/areas-de-practica\/derecho-de-familia\/"},"modified":"2025-03-21T15:33:34","modified_gmt":"2025-03-21T15:33:34","slug":"derecho-familiar","status":"publish","type":"page","link":"https:\/\/wmr-law.ca\/es\/areas-de-practica\/derecho-familiar\/","title":{"rendered":"DERECHO FAMILIAR"},"content":{"rendered":"\t\t<div data-elementor-type=\"wp-page\" data-elementor-id=\"8068\" class=\"elementor elementor-8068 elementor-372\" data-elementor-post-type=\"page\">\n\t\t\t\t\t\t<section class=\"elementor-section elementor-top-section elementor-element elementor-element-1740ac9 elementor-section-stretched elementor-section-boxed elementor-section-height-default elementor-section-height-default\" data-id=\"1740ac9\" data-element_type=\"section\" data-settings=\"{&quot;stretch_section&quot;:&quot;section-stretched&quot;}\">\n\t\t\t\t\t\t<div class=\"elementor-container elementor-column-gap-default\">\n\t\t\t\t\t<div class=\"elementor-column elementor-col-66 elementor-top-column elementor-element elementor-element-69e8bea\" data-id=\"69e8bea\" data-element_type=\"column\">\n\t\t\t<div class=\"elementor-widget-wrap elementor-element-populated\">\n\t\t\t\t\t\t<div class=\"elementor-element elementor-element-fe9dc94 elementor-widget elementor-widget-prelements-heading\" data-id=\"fe9dc94\" data-element_type=\"widget\" data-widget_type=\"prelements-heading.default\">\n\t\t\t\t<div class=\"elementor-widget-container\">\n\t\t\t\t\t\r\n        <div class=\"prelements-heading default animate- \">\r\n        \t<div class=\"title-inner\">        \t\t      \t\t\r\n\t            <h4 class=\"title\"><span class=\"watermark\"><\/span>NUESTRA PRIORIDAD: SU FUTURO<\/h4>\t\t\t\t\r\n\t\t\t\t\t        <\/div>\r\n\t                <\/div>\r\n        \t\t\t\t<\/div>\n\t\t\t\t<\/div>\n\t\t\t\t<div class=\"elementor-element elementor-element-4e37a2b elementor-widget elementor-widget-text-editor\" data-id=\"4e37a2b\" data-element_type=\"widget\" data-widget_type=\"text-editor.default\">\n\t\t\t\t<div class=\"elementor-widget-container\">\n\t\t\t\t\t\t\t\t\t<p>El divorcio o la separaci\u00f3n generalmente significan el fin. Sin embargo, en Wellstein Mora Rodr\u00edguez International (WMR), el comienzo del pr\u00f3ximo cap\u00edtulo en el libro de la vida de sus clientes constituye nuestra prioridad.<\/p>\t\t\t\t\t\t\t\t<\/div>\n\t\t\t\t<\/div>\n\t\t\t\t<div class=\"elementor-element elementor-element-4de850e elementor-widget elementor-widget-prelements-heading\" data-id=\"4de850e\" data-element_type=\"widget\" data-widget_type=\"prelements-heading.default\">\n\t\t\t\t<div class=\"elementor-widget-container\">\n\t\t\t\t\t\r\n        <div class=\"prelements-heading default animate- \">\r\n        \t<div class=\"title-inner\">        \t\t      \t\t\r\n\t            <h4 class=\"title\"><span class=\"watermark\"><\/span>EFICACIA<\/h4>\t\t\t\t\r\n\t\t\t\t\t        <\/div>\r\n\t                <\/div>\r\n        \t\t\t\t<\/div>\n\t\t\t\t<\/div>\n\t\t\t\t<div class=\"elementor-element elementor-element-4ed643a elementor-widget elementor-widget-text-editor\" data-id=\"4ed643a\" data-element_type=\"widget\" data-widget_type=\"text-editor.default\">\n\t\t\t\t<div class=\"elementor-widget-container\">\n\t\t\t\t\t\t\t\t\t<p>Cuando la separaci\u00f3n o el divorcio son inevitables, sabemos que nadie gana con prolongar una guerra de procedimientos y acciones judiciales. En WMR preferimos la negociaci\u00f3n y las soluciones amistosas, pero al mismo tiempo nos aseguramos de la protecci\u00f3n de los derechos y del patrimonio de nuestros clientes.<\/p><p>Conscientes del impacto emocional y psicol\u00f3gico de una separaci\u00f3n, la prioridad de nuestros abogados es la regulaci\u00f3n eficaz de las consecuencias de la ruptura conyugal, para que el conflicto entre las partes no tome proporciones excesivas que dificulten los acuerdos y multipliquen los costos e inconvenientes de un litigio sin fin.<\/p>\t\t\t\t\t\t\t\t<\/div>\n\t\t\t\t<\/div>\n\t\t\t\t<div class=\"elementor-element elementor-element-bfb01bd elementor-widget elementor-widget-prelements-heading\" data-id=\"bfb01bd\" data-element_type=\"widget\" data-widget_type=\"prelements-heading.default\">\n\t\t\t\t<div class=\"elementor-widget-container\">\n\t\t\t\t\t\r\n        <div class=\"prelements-heading default animate- \">\r\n        \t<div class=\"title-inner\">        \t\t      \t\t\r\n\t            <h4 class=\"title\"><span class=\"watermark\"><\/span>LOS NI\u00d1OS PRIMERO<\/h4>\t\t\t\t\r\n\t\t\t\t\t        <\/div>\r\n\t                <\/div>\r\n        \t\t\t\t<\/div>\n\t\t\t\t<\/div>\n\t\t\t\t<div class=\"elementor-element elementor-element-2f8575c elementor-widget elementor-widget-text-editor\" data-id=\"2f8575c\" data-element_type=\"widget\" data-widget_type=\"text-editor.default\">\n\t\t\t\t<div class=\"elementor-widget-container\">\n\t\t\t\t\t\t\t\t\t<p>Cuando se trata de la guarda y custodia de los hijos, los abogados de WMR har\u00e1n siempre lo necesario para que prime ante todo el inter\u00e9s de los ni\u00f1os. El divorcio o la separaci\u00f3n tienen a menudo efectos nefastos en los menores. En WMR, promovemos un debate leal entre las partes y nos aseguramos de que los ni\u00f1os est\u00e9n lo m\u00e1s alejados posible del conflicto entre los padres. Como dice el refr\u00e1n: \u00a1c\u00f3nyuges un d\u00eda, padres para siempre! A pesar del divorcio o la separaci\u00f3n, usted siempre permanecer\u00e1 unido a su ex-pareja a trav\u00e9s de los hijos. M\u00e1s vale separarse de manera amistosa y de mutuo acuerdo que volver a la Corte una y otra vez a lo largo de la vida de sus hijos. Perm\u00edtanos ayudarle a alcanzar un resultado a largo plazo que le asegure la paz presente y futura.<\/p>\t\t\t\t\t\t\t\t<\/div>\n\t\t\t\t<\/div>\n\t\t\t\t<div class=\"elementor-element elementor-element-949eb46 elementor-widget elementor-widget-prelements-heading\" data-id=\"949eb46\" data-element_type=\"widget\" data-widget_type=\"prelements-heading.default\">\n\t\t\t\t<div class=\"elementor-widget-container\">\n\t\t\t\t\t\r\n        <div class=\"prelements-heading default animate- \">\r\n        \t<div class=\"title-inner\">        \t\t      \t\t\r\n\t            <h4 class=\"title\"><span class=\"watermark\"><\/span>NUESTROS SERVICIOS<\/h4>\t\t\t\t\r\n\t\t\t\t\t        <\/div>\r\n\t                <\/div>\r\n        \t\t\t\t<\/div>\n\t\t\t\t<\/div>\n\t\t\t\t<div class=\"elementor-element elementor-element-82eb38a elementor-widget elementor-widget-text-editor\" data-id=\"82eb38a\" data-element_type=\"widget\" data-widget_type=\"text-editor.default\">\n\t\t\t\t<div class=\"elementor-widget-container\">\n\t\t\t\t\t\t\t\t\t<p>Nuestros abogados pueden asistirle en cualquier asunto de derecho familiar, incluyendo:<\/p>\t\t\t\t\t\t\t\t<\/div>\n\t\t\t\t<\/div>\n\t\t\t\t<div class=\"elementor-element elementor-element-f05f63b elementor-widget elementor-widget-text-editor\" data-id=\"f05f63b\" data-element_type=\"widget\" data-widget_type=\"text-editor.default\">\n\t\t\t\t<div class=\"elementor-widget-container\">\n\t\t\t\t\t\t\t\t\t<ul class=\"stylelisting\"><li>Divorcio y separaci\u00f3n<\/li><li>Disoluci\u00f3n de uni\u00f3n civil<\/li><li>C\u00f3nyuges de hecho<\/li><li>Guarda y custodia de menores (guarda exclusiva y guarda compartida)<\/li><li>Derechos de acceso y visitas<\/li><li>Pensi\u00f3n alimentaria para ni\u00f1os<\/li><li>Privaci\u00f3n de la patria potestad<\/li><li>Permisos de viaje<\/li><li>Mudanza de un padre<\/li><li>Disoluci\u00f3n y liquidaci\u00f3n de r\u00e9gimen matrimonial<\/li><li>Repartici\u00f3n de bienes<\/li><li>Prestaci\u00f3n compensatoria<\/li><li>Enriquecimiento injustificado<\/li><li>Provisi\u00f3n para gastos<\/li><li>Divorcio conjunto y amistoso<\/li><li>Nulidad de matrimonio<\/li><li>Derecho matrimonial internacional<\/li><li>Adopci\u00f3n<\/li><li>Filiaci\u00f3n (reconocimiento de paternidad)<\/li><li>Derechos de los abuelos<\/li><li>Separaci\u00f3n de bienes<\/li><li>Pensi\u00f3n alimentaria entre ex-esposos<\/li><li>Modificaci\u00f3n de sentencias o medidas judiciales<\/li><li>Modificaci\u00f3n o anulaci\u00f3n de pensi\u00f3n alimentaria<\/li><li>Contratos matrimoniales y de convivencia<\/li><li>Cambios de nombre<\/li><li>Violencia conyugal y familiar<\/li><\/ul>\t\t\t\t\t\t\t\t<\/div>\n\t\t\t\t<\/div>\n\t\t\t\t<div class=\"elementor-element elementor-element-fa41f41 elementor-widget elementor-widget-text-editor\" data-id=\"fa41f41\" data-element_type=\"widget\" data-widget_type=\"text-editor.default\">\n\t\t\t\t<div class=\"elementor-widget-container\">\n\t\t\t\t\t\t\t\t\t<p>Con la ayuda de nuestro equipo de abogados provenientes de todos los rincones del mundo, nuestros conocimientos y experiencia en casos de divorcio internacional y repartici\u00f3n de bienes en diferentes pa\u00edses, WMR puede ayudarle a atravesar esta dif\u00edcil etapa de la mejor manera.<\/p>\t\t\t\t\t\t\t\t<\/div>\n\t\t\t\t<\/div>\n\t\t\t\t<div class=\"elementor-element elementor-element-90168c5 elementor-widget elementor-widget-prelements-heading\" data-id=\"90168c5\" data-element_type=\"widget\" data-widget_type=\"prelements-heading.default\">\n\t\t\t\t<div class=\"elementor-widget-container\">\n\t\t\t\t\t\r\n        <div class=\"prelements-heading default animate- \">\r\n        \t<div class=\"title-inner\">        \t\t      \t\t\r\n\t            <h4 class=\"title\"><span class=\"watermark\"><\/span>CONOZCA A NUESTRO EQUIPO DE EXPERTOS EN DERECHO FAMILIAR<\/h4>\t\t\t\t\r\n\t\t\t\t\t        <\/div>\r\n\t                <\/div>\r\n        \t\t\t\t<\/div>\n\t\t\t\t<\/div>\n\t\t\t\t<div class=\"elementor-element elementor-element-7b883c0 elementor-widget elementor-widget-text-editor\" data-id=\"7b883c0\" data-element_type=\"widget\" data-widget_type=\"text-editor.default\">\n\t\t\t\t<div class=\"elementor-widget-container\">\n\t\t\t\t\t\t\t\t\t<ul class=\"stylelisting\"><li><a href=\"https:\/\/wmr-law.ca\/es\/me-leopoldo-cordido\/\">Abog. Leopoldo Cordido<\/a><\/li><\/ul>\t\t\t\t\t\t\t\t<\/div>\n\t\t\t\t<\/div>\n\t\t\t\t\t<\/div>\n\t\t<\/div>\n\t\t\t\t<div class=\"elementor-column elementor-col-33 elementor-top-column elementor-element elementor-element-2212091\" data-id=\"2212091\" data-element_type=\"column\">\n\t\t\t<div class=\"elementor-widget-wrap elementor-element-populated\">\n\t\t\t\t\t\t<section class=\"elementor-section elementor-inner-section elementor-element elementor-element-fd7f8ca elementor-section-boxed elementor-section-height-default elementor-section-height-default\" data-id=\"fd7f8ca\" data-element_type=\"section\" data-settings=\"{&quot;background_background&quot;:&quot;classic&quot;}\">\n\t\t\t\t\t\t<div class=\"elementor-container elementor-column-gap-default\">\n\t\t\t\t\t<div class=\"elementor-column elementor-col-100 elementor-inner-column elementor-element elementor-element-1feba12\" data-id=\"1feba12\" data-element_type=\"column\">\n\t\t\t<div class=\"elementor-widget-wrap elementor-element-populated\">\n\t\t\t\t\t\t<div class=\"elementor-element elementor-element-c226164 elementor-widget elementor-widget-heading\" data-id=\"c226164\" data-element_type=\"widget\" data-widget_type=\"heading.default\">\n\t\t\t\t<div class=\"elementor-widget-container\">\n\t\t\t\t\t<h4 class=\"elementor-heading-title elementor-size-default\">\u00c1REAS DE PR\u00c1CTICA<\/h4>\t\t\t\t<\/div>\n\t\t\t\t<\/div>\n\t\t\t\t<div class=\"elementor-element elementor-element-e9e4446 elementor-widget elementor-widget-wp-widget-nav_menu\" data-id=\"e9e4446\" data-element_type=\"widget\" data-widget_type=\"wp-widget-nav_menu.default\">\n\t\t\t\t<div class=\"elementor-widget-container\">\n\t\t\t\t\t<div class=\"menu-practice-areas-container\"><ul id=\"menu-practice-areas\" class=\"menu\"><li id=\"menu-item-780\" class=\"menu-item menu-item-type-post_type menu-item-object-page menu-item-780\"><a href=\"https:\/\/wmr-law.ca\/en\/practice-areas\/immigration-law\/\">INMIGRACI\u00d3N<\/a><\/li>\n<li id=\"menu-item-860\" class=\"menu-item menu-item-type-post_type menu-item-object-page menu-item-860\"><a href=\"https:\/\/wmr-law.ca\/en\/practice-areas\/business-law\/\">NEGOCIOS<\/a><\/li>\n<li id=\"menu-item-864\" class=\"menu-item menu-item-type-post_type menu-item-object-page menu-item-864\"><a href=\"https:\/\/wmr-law.ca\/en\/practice-areas\/civil-and-commercial-litigation\/\">LITIGIO CIVIL Y COMERCIAL<\/a><\/li>\n<li id=\"menu-item-896\" class=\"menu-item menu-item-type-post_type menu-item-object-page menu-item-896\"><a href=\"https:\/\/wmr-law.ca\/en\/practice-areas\/international-legal-matters\/\">ASUNTOS JUR\u00cdDICOS INTERNACIONALES<\/a><\/li>\n<li id=\"menu-item-861\" class=\"menu-item menu-item-type-post_type menu-item-object-page menu-item-861\"><a href=\"https:\/\/wmr-law.ca\/en\/practice-areas\/family-law\/\">DERECHO FAMILIAR<\/a><\/li>\n<li id=\"menu-item-863\" class=\"menu-item menu-item-type-post_type menu-item-object-page menu-item-863\"><a href=\"https:\/\/wmr-law.ca\/en\/practice-areas\/latin-america\/\">AM\u00c9RICA LATINA<\/a><\/li>\n<\/ul><\/div>\t\t\t\t<\/div>\n\t\t\t\t<\/div>\n\t\t\t\t\t<\/div>\n\t\t<\/div>\n\t\t\t\t\t<\/div>\n\t\t<\/section>\n\t\t\t\t<div class=\"elementor-element elementor-element-7646f2c elementor-widget elementor-widget-heading\" data-id=\"7646f2c\" data-element_type=\"widget\" data-widget_type=\"heading.default\">\n\t\t\t\t<div class=\"elementor-widget-container\">\n\t\t\t\t\t<h4 class=\"elementor-heading-title elementor-size-default\">CONT\u00c1CTENOS<\/h4>\t\t\t\t<\/div>\n\t\t\t\t<\/div>\n\t\t\t\t<div class=\"elementor-element elementor-element-2701f9b elementor-widget elementor-widget-shortcode\" data-id=\"2701f9b\" data-element_type=\"widget\" data-widget_type=\"shortcode.default\">\n\t\t\t\t<div class=\"elementor-widget-container\">\n\t\t\t\t\t\t\t<div class=\"elementor-shortcode\"><div class=\"frm_forms  with_frm_style frm_style_style-formidable\" id=\"frm_form_13_container\" data-token=\"dfbd5dd2704e4918c22c2d774836a426\">\n<form enctype=\"multipart\/form-data\" method=\"post\" class=\"frm-show-form  frm_pro_form \" id=\"form_ecribanos2\" data-token=\"dfbd5dd2704e4918c22c2d774836a426\">\n<div class=\"frm_form_fields \">\n<fieldset>\n<legend class=\"frm_screen_reader\">ESCR\u00cdBANOS (sidebar)<\/legend>\r\n<div class=\"frm_fields_container\">\n<input type=\"hidden\" name=\"frm_action\" value=\"create\" \/>\n<input type=\"hidden\" name=\"form_id\" value=\"13\" \/>\n<input type=\"hidden\" name=\"frm_hide_fields_13\" id=\"frm_hide_fields_13\" value=\"\" \/>\n<input type=\"hidden\" name=\"form_key\" value=\"ecribanos2\" \/>\n<input type=\"hidden\" name=\"item_meta[0]\" value=\"\" \/>\n<input type=\"hidden\" id=\"frm_submit_entry_13\" name=\"frm_submit_entry_13\" value=\"4de97ec357\" \/><input type=\"hidden\" name=\"_wp_http_referer\" value=\"\/es\/wp-json\/wp\/v2\/pages\/8068\" \/><div id=\"frm_field_876_container\" class=\"frm_form_field form-field  frm_required_field frm_top_container frm_full\">\r\n    <label for=\"field_qh4icy32\" id=\"field_qh4icy32_label\" class=\"frm_primary_label\">Nombre\r\n        <span class=\"frm_required\" aria-hidden=\"true\">*<\/span>\r\n    <\/label>\r\n    <input  type=\"text\" id=\"field_qh4icy32\" name=\"item_meta[876]\" value=\"\"  data-reqmsg=\"Nombre cannot be blank.\" aria-required=\"true\" data-invmsg=\"Nombre est non valide\" aria-invalid=\"false\"   \/>\r\n    \r\n    \r\n<\/div>\n<div id=\"frm_field_877_container\" class=\"frm_form_field form-field  frm_required_field frm_top_container frm_full\">\r\n    <label for=\"field_29yf4d32\" id=\"field_29yf4d32_label\" class=\"frm_primary_label\">Email\r\n        <span class=\"frm_required\" aria-hidden=\"true\">*<\/span>\r\n    <\/label>\r\n    <input type=\"email\" id=\"field_29yf4d32\" name=\"item_meta[877]\" value=\"\"  data-reqmsg=\"Email cannot be blank.\" aria-required=\"true\" data-invmsg=\"Please enter a valid email address\" aria-invalid=\"false\"  \/>\r\n    \r\n    \r\n<\/div>\n<div id=\"frm_field_878_container\" class=\"frm_form_field form-field  frm_required_field frm_top_container frm_full\">\r\n    <label for=\"field_e6lis632\" id=\"field_e6lis632_label\" class=\"frm_primary_label\">Asunto\r\n        <span class=\"frm_required\" aria-hidden=\"true\">*<\/span>\r\n    <\/label>\r\n    <input  type=\"text\" id=\"field_e6lis632\" name=\"item_meta[878]\" value=\"\"  data-reqmsg=\"Asunto cannot be blank.\" aria-required=\"true\" data-invmsg=\"Asunto est non valide\" aria-invalid=\"false\"   \/>\r\n    \r\n    \r\n<\/div>\n<div id=\"frm_field_879_container\" class=\"frm_form_field form-field  frm_required_field frm_top_container frm_full\">\r\n    <label for=\"field_9jv0r132\" id=\"field_9jv0r132_label\" class=\"frm_primary_label\">Mensaje\r\n        <span class=\"frm_required\" aria-hidden=\"true\">*<\/span>\r\n    <\/label>\r\n    <textarea name=\"item_meta[879]\" id=\"field_9jv0r132\" rows=\"5\"  data-reqmsg=\"Mensaje cannot be blank.\" aria-required=\"true\" data-invmsg=\"Mensaje is invalid\" aria-invalid=\"false\"  ><\/textarea>\r\n    \r\n    \r\n<\/div>\n<div id=\"frm_field_880_container\" class=\"frm_form_field form-field \">\r\n\t<div class=\"frm_submit frm_flex\">\r\n<button class=\"frm_button_submit frm_final_submit\" type=\"submit\"   formnovalidate=\"formnovalidate\">ENVIAR<\/button>\r\n\r\n\r\n\r\n<\/div>\r\n<\/div>\n\t<input type=\"hidden\" name=\"item_key\" value=\"\" \/>\n\t\t\t<div id=\"frm_field_887_container\">\n\t\t\t<label for=\"field_7ce1u\" >\n\t\t\t\tIf you are human, leave this field blank.\t\t\t<\/label>\n\t\t\t<input  id=\"field_7ce1u\" type=\"text\" class=\"frm_form_field form-field frm_verify\" name=\"item_meta[887]\" value=\"\"  \/>\n\t\t<\/div>\n\t\t<input name=\"frm_state\" type=\"hidden\" value=\"2DxPa0lQr6JHxrlEoUW0LpFH7WUgIQExZhzqJcDDl2ZnnPw8l7cUXXiZiXccrOoj\" \/><p>Nota: El acceso al presente sitio web o su utilizaci\u00f3n no crean una relaci\u00f3n abogado-cliente. Asimismo, la informaci\u00f3n y documentos enviados a trav\u00e9s de este formulario de contacto o sin una previa solicitud de alguno de nuestros abogados o consultores, no ser\u00e1n considerados como confidenciales ni estar\u00e1n sometidos al secreto profesional.<\/p>\n<\/div>\n<\/fieldset>\n<\/div>\n\n<\/form>\n<\/div>\n<\/div>\n\t\t\t\t\t\t<\/div>\n\t\t\t\t<\/div>\n\t\t\t\t\t<\/div>\n\t\t<\/div>\n\t\t\t\t\t<\/div>\n\t\t<\/section>\n\t\t\t\t<\/div>\n\t\t","protected":false},"excerpt":{"rendered":"<p>NUESTRA PRIORIDAD: SU FUTURO El divorcio o la separaci\u00f3n generalmente significan el fin. Sin embargo, en Wellstein Mora Rodr\u00edguez International (WMR), el comienzo del pr\u00f3ximo cap\u00edtulo en el libro de la vida de sus clientes constituye nuestra prioridad. EFICACIA Cuando la separaci\u00f3n o el divorcio son inevitables, sabemos que nadie gana con prolongar una guerra&#8230;<\/p>\n","protected":false},"author":1,"featured_media":0,"parent":8028,"menu_order":0,"comment_status":"closed","ping_status":"closed","template":"","meta":{"footnotes":""},"class_list":["post-8068","page","type-page","status-publish","hentry"],"aioseo_notices":[],"_links":{"self":[{"href":"https:\/\/wmr-law.ca\/es\/wp-json\/wp\/v2\/pages\/8068","targetHints":{"allow":["GET"]}}],"collection":[{"href":"https:\/\/wmr-law.ca\/es\/wp-json\/wp\/v2\/pages"}],"about":[{"href":"https:\/\/wmr-law.ca\/es\/wp-json\/wp\/v2\/types\/page"}],"author":[{"embeddable":true,"href":"https:\/\/wmr-law.ca\/es\/wp-json\/wp\/v2\/users\/1"}],"replies":[{"embeddable":true,"href":"https:\/\/wmr-law.ca\/es\/wp-json\/wp\/v2\/comments?post=8068"}],"version-history":[{"count":0,"href":"https:\/\/wmr-law.ca\/es\/wp-json\/wp\/v2\/pages\/8068\/revisions"}],"up":[{"embeddable":true,"href":"https:\/\/wmr-law.ca\/es\/wp-json\/wp\/v2\/pages\/8028"}],"wp:attachment":[{"href":"https:\/\/wmr-law.ca\/es\/wp-json\/wp\/v2\/media?parent=8068"}],"curies":[{"name":"wp","href":"https:\/\/api.w.org\/{rel}","templated":true}]}}