{"id":8100,"date":"2019-06-11T09:23:43","date_gmt":"2019-06-11T09:23:43","guid":{"rendered":"https:\/\/wmr-law.ca\/areas-de-practica\/america-latina\/"},"modified":"2025-03-21T15:32:32","modified_gmt":"2025-03-21T15:32:32","slug":"america-latina","status":"publish","type":"page","link":"https:\/\/wmr-law.ca\/es\/areas-de-practica\/america-latina\/","title":{"rendered":"AM\u00c9RICA LATINA"},"content":{"rendered":"\t\t<div data-elementor-type=\"wp-page\" data-elementor-id=\"8100\" class=\"elementor elementor-8100 elementor-858\" data-elementor-post-type=\"page\">\n\t\t\t\t\t\t<section class=\"elementor-section elementor-top-section elementor-element elementor-element-5cce182 elementor-section-stretched elementor-section-boxed elementor-section-height-default elementor-section-height-default\" data-id=\"5cce182\" data-element_type=\"section\" data-settings=\"{&quot;stretch_section&quot;:&quot;section-stretched&quot;}\">\n\t\t\t\t\t\t<div class=\"elementor-container elementor-column-gap-default\">\n\t\t\t\t\t<div class=\"elementor-column elementor-col-66 elementor-top-column elementor-element elementor-element-40fe4c8\" data-id=\"40fe4c8\" data-element_type=\"column\">\n\t\t\t<div class=\"elementor-widget-wrap elementor-element-populated\">\n\t\t\t\t\t\t<div class=\"elementor-element elementor-element-cac316b elementor-widget elementor-widget-prelements-heading\" data-id=\"cac316b\" data-element_type=\"widget\" data-widget_type=\"prelements-heading.default\">\n\t\t\t\t<div class=\"elementor-widget-container\">\n\t\t\t\t\t\r\n        <div class=\"prelements-heading default animate- \">\r\n        \t<div class=\"title-inner\">        \t\t      \t\t\r\n\t            <h4 class=\"title\"><span class=\"watermark\"><\/span>LA EXPANSI\u00d3N HACIA LATINOAM\u00c9RICA: NUESTRA PASI\u00d3N<\/h4>\t\t\t\t\r\n\t\t\t\t\t        <\/div>\r\n\t                <\/div>\r\n        \t\t\t\t<\/div>\n\t\t\t\t<\/div>\n\t\t\t\t<div class=\"elementor-element elementor-element-6408167 elementor-widget elementor-widget-text-editor\" data-id=\"6408167\" data-element_type=\"widget\" data-widget_type=\"text-editor.default\">\n\t\t\t\t<div class=\"elementor-widget-container\">\n\t\t\t\t\t\t\t\t\t<p>En Wellstein Mora Rodr\u00edguez International (WMR), estamos muy conscientes de la importancia que reviste la expansi\u00f3n hacia los mercados emergentes en el mundo moderno de los negocios. Conocemos bien los retos y los obst\u00e1culos que las empresas deben enfrentar y superar para el \u00e9xito de un proyecto de expansi\u00f3n internacional, especialmente cuando el destino es alg\u00fan pa\u00eds latinoamericano. En este sentido, sabemos la importancia capital que tiene una comprensi\u00f3n precisa de los objetivos empresariales de nuestros clientes y la identificaci\u00f3n de sus necesidades reales de asistencia jur\u00eddica.<\/p><p>Por esta raz\u00f3n, trabajamos en estrecha colaboraci\u00f3n con nuestros clientes con el fin de proponerles soluciones efectivas y sensatas, basadas en nuestra visi\u00f3n de negocios, con un enfoque positivo y ganador.<\/p><p>Si su empresa tiene planes de expansi\u00f3n internacional hacia Latinoam\u00e9rica o necesita negociar con clientes o proveedores de esta regi\u00f3n, nuestro abogados sabr\u00e1n prestarle la asistencia necesaria para:<\/p>\t\t\t\t\t\t\t\t<\/div>\n\t\t\t\t<\/div>\n\t\t\t\t<div class=\"elementor-element elementor-element-692a9bd elementor-widget elementor-widget-text-editor\" data-id=\"692a9bd\" data-element_type=\"widget\" data-widget_type=\"text-editor.default\">\n\t\t\t\t<div class=\"elementor-widget-container\">\n\t\t\t\t\t\t\t\t\t<ul class=\"stylelisting\"><li>Realizar verificaciones previas (due diligence)<\/li><li>Redactar y negociar contratos<\/li><li>Participar en licitaciones p\u00fablicas<\/li><li>Crear y registrar empresas filiales o sucursales<\/li><li>Realizar transacciones financieras<\/li><li>Respetar normativas locales y obtener permisos o licencias<\/li><li>Llevar a cabo importaciones o exportaciones<\/li><li>Conseguir la movilidad de su personal<\/li><\/ul>\t\t\t\t\t\t\t\t<\/div>\n\t\t\t\t<\/div>\n\t\t\t\t<div class=\"elementor-element elementor-element-9d48697 elementor-widget elementor-widget-prelements-heading\" data-id=\"9d48697\" data-element_type=\"widget\" data-widget_type=\"prelements-heading.default\">\n\t\t\t\t<div class=\"elementor-widget-container\">\n\t\t\t\t\t\r\n        <div class=\"prelements-heading default animate- \">\r\n        \t<div class=\"title-inner\">        \t\t      \t\t\r\n\t            <h4 class=\"title\"><span class=\"watermark\"><\/span>NUESTROS ABOGADOS<\/h4>\t\t\t\t\r\n\t\t\t\t\t        <\/div>\r\n\t                <\/div>\r\n        \t\t\t\t<\/div>\n\t\t\t\t<\/div>\n\t\t\t\t<div class=\"elementor-element elementor-element-2593dec elementor-widget elementor-widget-text-editor\" data-id=\"2593dec\" data-element_type=\"widget\" data-widget_type=\"text-editor.default\">\n\t\t\t\t<div class=\"elementor-widget-container\">\n\t\t\t\t\t\t\t\t\t<p>En WMR, nuestros abogados cuentan con competencias y una experiencia \u00fanicas en el asesoramiento jur\u00eddico a empresas con proyectos de expansi\u00f3n en Latinoam\u00e9rica. Dotados de una s\u00f3lida formaci\u00f3n internacional, muchos de nuestros juristas son miembros de varios Colegios de Abogados. Adem\u00e1s, cuentan con un conocimiento profundo de la regi\u00f3n por haber vivido y trabajado en pa\u00edses de la regi\u00f3n. Por \u00faltimo, nuestros abogados son multiling\u00fces, por lo que pueden trabajar en espa\u00f1ol, en franc\u00e9s o ingl\u00e9s seg\u00fan sea necesario.<\/p><p>A trav\u00e9s de nuestros despachos en norteam\u00e9rica (Montreal y Washington, DC) y de nuestra red de corresponsales locales en Latinoam\u00e9rica, tenemos la capacidad de supervisar y liderar los proyectos de expansi\u00f3n internacional de nuestros clientes, de manera eficiente, dando prioridad al cumplimiento de sus objetivos empresariales y garantizando al mismo tiempo el m\u00e1s alto nivel de calidad profesional a lo largo de todo el proyecto.<\/p>\t\t\t\t\t\t\t\t<\/div>\n\t\t\t\t<\/div>\n\t\t\t\t<div class=\"elementor-element elementor-element-e5c5070 elementor-widget elementor-widget-prelements-heading\" data-id=\"e5c5070\" data-element_type=\"widget\" data-widget_type=\"prelements-heading.default\">\n\t\t\t\t<div class=\"elementor-widget-container\">\n\t\t\t\t\t\r\n        <div class=\"prelements-heading default animate- \">\r\n        \t<div class=\"title-inner\">        \t\t      \t\t\r\n\t            <h4 class=\"title\"><span class=\"watermark\"><\/span>NUESTRA EXPERIENCIA<\/h4>\t\t\t\t\r\n\t\t\t\t\t        <\/div>\r\n\t                <\/div>\r\n        \t\t\t\t<\/div>\n\t\t\t\t<\/div>\n\t\t\t\t<div class=\"elementor-element elementor-element-ca79d18 elementor-widget elementor-widget-text-editor\" data-id=\"ca79d18\" data-element_type=\"widget\" data-widget_type=\"text-editor.default\">\n\t\t\t\t<div class=\"elementor-widget-container\">\n\t\t\t\t\t\t\t\t\t<p>Los abogados de WMR han prestado sus servicios jur\u00eddicos en proyectos de expansi\u00f3n internacional hacia pr\u00e1cticamente todos los pa\u00edses de Latinoam\u00e9rica y El Caribe, Incluyendo:<\/p>\t\t\t\t\t\t\t\t<\/div>\n\t\t\t\t<\/div>\n\t\t\t\t<div class=\"elementor-element elementor-element-5eeb3e5 elementor-widget elementor-widget-text-editor\" data-id=\"5eeb3e5\" data-element_type=\"widget\" data-widget_type=\"text-editor.default\">\n\t\t\t\t<div class=\"elementor-widget-container\">\n\t\t\t\t\t\t\t\t\t<ul class=\"stylelisting\"><li>M\u00e9xico, Colombia, Venezuela, Brasil, Argentina, Chile, Per\u00fa, Bolivia, Paraguay, Ecuador y Guyana.<\/li><li>Nicaragua, Guatemala, Panam\u00e1, Costa Rica, Honduras, El Salvador y Belize.<\/li><li>Cuba, Rep\u00fablica de Trinidad y Tobago, Aruba, Curazao, Bonaire, Hait\u00ed, San Mart\u00edn, Barbados, Rep\u00fablica Dominicana, Islas Turcas y Caicos, Jamaica y Bahamas.<\/li><\/ul>\t\t\t\t\t\t\t\t<\/div>\n\t\t\t\t<\/div>\n\t\t\t\t\t<\/div>\n\t\t<\/div>\n\t\t\t\t<div class=\"elementor-column elementor-col-33 elementor-top-column elementor-element elementor-element-cefc36f\" data-id=\"cefc36f\" data-element_type=\"column\">\n\t\t\t<div class=\"elementor-widget-wrap elementor-element-populated\">\n\t\t\t\t\t\t<section class=\"elementor-section elementor-inner-section elementor-element elementor-element-e866a53 elementor-section-boxed elementor-section-height-default elementor-section-height-default\" data-id=\"e866a53\" data-element_type=\"section\" data-settings=\"{&quot;background_background&quot;:&quot;classic&quot;}\">\n\t\t\t\t\t\t<div class=\"elementor-container elementor-column-gap-default\">\n\t\t\t\t\t<div class=\"elementor-column elementor-col-100 elementor-inner-column elementor-element elementor-element-35c7f1e\" data-id=\"35c7f1e\" data-element_type=\"column\">\n\t\t\t<div class=\"elementor-widget-wrap elementor-element-populated\">\n\t\t\t\t\t\t<div class=\"elementor-element elementor-element-1b32378 elementor-widget elementor-widget-heading\" data-id=\"1b32378\" data-element_type=\"widget\" data-widget_type=\"heading.default\">\n\t\t\t\t<div class=\"elementor-widget-container\">\n\t\t\t\t\t<h4 class=\"elementor-heading-title elementor-size-default\">\u00c1REAS DE PR\u00c1CTICA<\/h4>\t\t\t\t<\/div>\n\t\t\t\t<\/div>\n\t\t\t\t<div class=\"elementor-element elementor-element-1557d67 elementor-widget elementor-widget-wp-widget-nav_menu\" data-id=\"1557d67\" data-element_type=\"widget\" data-widget_type=\"wp-widget-nav_menu.default\">\n\t\t\t\t<div class=\"elementor-widget-container\">\n\t\t\t\t\t<div class=\"menu-practice-areas-container\"><ul id=\"menu-practice-areas\" class=\"menu\"><li id=\"menu-item-780\" class=\"menu-item menu-item-type-post_type menu-item-object-page menu-item-780\"><a href=\"https:\/\/wmr-law.ca\/en\/practice-areas\/immigration-law\/\">INMIGRACI\u00d3N<\/a><\/li>\n<li id=\"menu-item-860\" class=\"menu-item menu-item-type-post_type menu-item-object-page menu-item-860\"><a href=\"https:\/\/wmr-law.ca\/en\/practice-areas\/business-law\/\">NEGOCIOS<\/a><\/li>\n<li id=\"menu-item-864\" class=\"menu-item menu-item-type-post_type menu-item-object-page menu-item-864\"><a href=\"https:\/\/wmr-law.ca\/en\/practice-areas\/civil-and-commercial-litigation\/\">LITIGIO CIVIL Y COMERCIAL<\/a><\/li>\n<li id=\"menu-item-896\" class=\"menu-item menu-item-type-post_type menu-item-object-page menu-item-896\"><a href=\"https:\/\/wmr-law.ca\/en\/practice-areas\/international-legal-matters\/\">ASUNTOS JUR\u00cdDICOS INTERNACIONALES<\/a><\/li>\n<li id=\"menu-item-861\" class=\"menu-item menu-item-type-post_type menu-item-object-page menu-item-861\"><a href=\"https:\/\/wmr-law.ca\/en\/practice-areas\/family-law\/\">DERECHO FAMILIAR<\/a><\/li>\n<li id=\"menu-item-863\" class=\"menu-item menu-item-type-post_type menu-item-object-page menu-item-863\"><a href=\"https:\/\/wmr-law.ca\/en\/practice-areas\/latin-america\/\">AM\u00c9RICA LATINA<\/a><\/li>\n<\/ul><\/div>\t\t\t\t<\/div>\n\t\t\t\t<\/div>\n\t\t\t\t\t<\/div>\n\t\t<\/div>\n\t\t\t\t\t<\/div>\n\t\t<\/section>\n\t\t\t\t<div class=\"elementor-element elementor-element-dc815a2 elementor-widget elementor-widget-heading\" data-id=\"dc815a2\" data-element_type=\"widget\" data-widget_type=\"heading.default\">\n\t\t\t\t<div class=\"elementor-widget-container\">\n\t\t\t\t\t<h4 class=\"elementor-heading-title elementor-size-default\">CONT\u00c1CTENOS<\/h4>\t\t\t\t<\/div>\n\t\t\t\t<\/div>\n\t\t\t\t<div class=\"elementor-element elementor-element-11b2a37 elementor-widget elementor-widget-shortcode\" data-id=\"11b2a37\" data-element_type=\"widget\" data-widget_type=\"shortcode.default\">\n\t\t\t\t<div class=\"elementor-widget-container\">\n\t\t\t\t\t\t\t<div class=\"elementor-shortcode\"><div class=\"frm_forms  with_frm_style frm_style_style-formidable\" id=\"frm_form_13_container\" data-token=\"dfbd5dd2704e4918c22c2d774836a426\">\n<form enctype=\"multipart\/form-data\" method=\"post\" class=\"frm-show-form  frm_pro_form \" id=\"form_ecribanos2\" data-token=\"dfbd5dd2704e4918c22c2d774836a426\">\n<div class=\"frm_form_fields \">\n<fieldset>\n<legend class=\"frm_screen_reader\">ESCR\u00cdBANOS (sidebar)<\/legend>\r\n<div class=\"frm_fields_container\">\n<input type=\"hidden\" name=\"frm_action\" value=\"create\" \/>\n<input type=\"hidden\" name=\"form_id\" value=\"13\" \/>\n<input type=\"hidden\" name=\"frm_hide_fields_13\" id=\"frm_hide_fields_13\" value=\"\" \/>\n<input type=\"hidden\" name=\"form_key\" value=\"ecribanos2\" \/>\n<input type=\"hidden\" name=\"item_meta[0]\" value=\"\" \/>\n<input type=\"hidden\" id=\"frm_submit_entry_13\" name=\"frm_submit_entry_13\" value=\"4de97ec357\" \/><input type=\"hidden\" name=\"_wp_http_referer\" value=\"\/es\/wp-json\/wp\/v2\/pages\/8100\" \/><div id=\"frm_field_876_container\" class=\"frm_form_field form-field  frm_required_field frm_top_container frm_full\">\r\n    <label for=\"field_qh4icy32\" id=\"field_qh4icy32_label\" class=\"frm_primary_label\">Nombre\r\n        <span class=\"frm_required\" aria-hidden=\"true\">*<\/span>\r\n    <\/label>\r\n    <input  type=\"text\" id=\"field_qh4icy32\" name=\"item_meta[876]\" value=\"\"  data-reqmsg=\"Nombre cannot be blank.\" aria-required=\"true\" data-invmsg=\"Nombre est non valide\" aria-invalid=\"false\"   \/>\r\n    \r\n    \r\n<\/div>\n<div id=\"frm_field_877_container\" class=\"frm_form_field form-field  frm_required_field frm_top_container frm_full\">\r\n    <label for=\"field_29yf4d32\" id=\"field_29yf4d32_label\" class=\"frm_primary_label\">Email\r\n        <span class=\"frm_required\" aria-hidden=\"true\">*<\/span>\r\n    <\/label>\r\n    <input type=\"email\" id=\"field_29yf4d32\" name=\"item_meta[877]\" value=\"\"  data-reqmsg=\"Email cannot be blank.\" aria-required=\"true\" data-invmsg=\"Please enter a valid email address\" aria-invalid=\"false\"  \/>\r\n    \r\n    \r\n<\/div>\n<div id=\"frm_field_878_container\" class=\"frm_form_field form-field  frm_required_field frm_top_container frm_full\">\r\n    <label for=\"field_e6lis632\" id=\"field_e6lis632_label\" class=\"frm_primary_label\">Asunto\r\n        <span class=\"frm_required\" aria-hidden=\"true\">*<\/span>\r\n    <\/label>\r\n    <input  type=\"text\" id=\"field_e6lis632\" name=\"item_meta[878]\" value=\"\"  data-reqmsg=\"Asunto cannot be blank.\" aria-required=\"true\" data-invmsg=\"Asunto est non valide\" aria-invalid=\"false\"   \/>\r\n    \r\n    \r\n<\/div>\n<div id=\"frm_field_879_container\" class=\"frm_form_field form-field  frm_required_field frm_top_container frm_full\">\r\n    <label for=\"field_9jv0r132\" id=\"field_9jv0r132_label\" class=\"frm_primary_label\">Mensaje\r\n        <span class=\"frm_required\" aria-hidden=\"true\">*<\/span>\r\n    <\/label>\r\n    <textarea name=\"item_meta[879]\" id=\"field_9jv0r132\" rows=\"5\"  data-reqmsg=\"Mensaje cannot be blank.\" aria-required=\"true\" data-invmsg=\"Mensaje is invalid\" aria-invalid=\"false\"  ><\/textarea>\r\n    \r\n    \r\n<\/div>\n<div id=\"frm_field_880_container\" class=\"frm_form_field form-field \">\r\n\t<div class=\"frm_submit frm_flex\">\r\n<button class=\"frm_button_submit frm_final_submit\" type=\"submit\"   formnovalidate=\"formnovalidate\">ENVIAR<\/button>\r\n\r\n\r\n\r\n<\/div>\r\n<\/div>\n\t<input type=\"hidden\" name=\"item_key\" value=\"\" \/>\n\t\t\t<div id=\"frm_field_887_container\">\n\t\t\t<label for=\"field_myxhh\" >\n\t\t\t\tIf you are human, leave this field blank.\t\t\t<\/label>\n\t\t\t<input  id=\"field_myxhh\" type=\"text\" class=\"frm_form_field form-field frm_verify\" name=\"item_meta[887]\" value=\"\"  \/>\n\t\t<\/div>\n\t\t<input name=\"frm_state\" type=\"hidden\" value=\"2DxPa0lQr6JHxrlEoUW0Lv4X1um\/q2VsWgQq08ZOoApnnPw8l7cUXXiZiXccrOoj\" \/><p>Nota: El acceso al presente sitio web o su utilizaci\u00f3n no crean una relaci\u00f3n abogado-cliente. Asimismo, la informaci\u00f3n y documentos enviados a trav\u00e9s de este formulario de contacto o sin una previa solicitud de alguno de nuestros abogados o consultores, no ser\u00e1n considerados como confidenciales ni estar\u00e1n sometidos al secreto profesional.<\/p>\n<\/div>\n<\/fieldset>\n<\/div>\n\n<\/form>\n<\/div>\n<\/div>\n\t\t\t\t\t\t<\/div>\n\t\t\t\t<\/div>\n\t\t\t\t\t<\/div>\n\t\t<\/div>\n\t\t\t\t\t<\/div>\n\t\t<\/section>\n\t\t\t\t<\/div>\n\t\t","protected":false},"excerpt":{"rendered":"<p>LA EXPANSI\u00d3N HACIA LATINOAM\u00c9RICA: NUESTRA PASI\u00d3N En Wellstein Mora Rodr\u00edguez International (WMR), estamos muy conscientes de la importancia que reviste la expansi\u00f3n hacia los mercados emergentes en el mundo moderno de los negocios. Conocemos bien los retos y los obst\u00e1culos que las empresas deben enfrentar y superar para el \u00e9xito de un proyecto de expansi\u00f3n&#8230;<\/p>\n","protected":false},"author":1,"featured_media":0,"parent":8028,"menu_order":0,"comment_status":"closed","ping_status":"closed","template":"","meta":{"footnotes":""},"class_list":["post-8100","page","type-page","status-publish","hentry"],"aioseo_notices":[],"_links":{"self":[{"href":"https:\/\/wmr-law.ca\/es\/wp-json\/wp\/v2\/pages\/8100","targetHints":{"allow":["GET"]}}],"collection":[{"href":"https:\/\/wmr-law.ca\/es\/wp-json\/wp\/v2\/pages"}],"about":[{"href":"https:\/\/wmr-law.ca\/es\/wp-json\/wp\/v2\/types\/page"}],"author":[{"embeddable":true,"href":"https:\/\/wmr-law.ca\/es\/wp-json\/wp\/v2\/users\/1"}],"replies":[{"embeddable":true,"href":"https:\/\/wmr-law.ca\/es\/wp-json\/wp\/v2\/comments?post=8100"}],"version-history":[{"count":0,"href":"https:\/\/wmr-law.ca\/es\/wp-json\/wp\/v2\/pages\/8100\/revisions"}],"up":[{"embeddable":true,"href":"https:\/\/wmr-law.ca\/es\/wp-json\/wp\/v2\/pages\/8028"}],"wp:attachment":[{"href":"https:\/\/wmr-law.ca\/es\/wp-json\/wp\/v2\/media?parent=8100"}],"curies":[{"name":"wp","href":"https:\/\/api.w.org\/{rel}","templated":true}]}}