{"id":8320,"date":"2024-03-06T20:03:42","date_gmt":"2024-03-06T20:03:42","guid":{"rendered":"https:\/\/wmr-law.ca\/politica-de-privacidad\/"},"modified":"2025-03-21T16:00:00","modified_gmt":"2025-03-21T16:00:00","slug":"politica-de-privacidad","status":"publish","type":"page","link":"https:\/\/wmr-law.ca\/es\/politica-de-privacidad\/","title":{"rendered":"POL\u00cdTICA DE PRIVACIDAD"},"content":{"rendered":"<p>Bienvenidos a la pol\u00edtica de privacidad de Wellstein Mora Rodr\u00edguez International s.a.<\/p>\n<p>Como firma de abogados, recopilamos, utilizamos y divulgamos informaci\u00f3n en nuestras operaciones diarias. La confidencialidad es de suma importancia para nosotros. Nos comprometemos a proteger la informaci\u00f3n personal de nuestros clientes, de acuerdo con las leyes aplicables y nuestras obligaciones profesionales. Nuestro compromiso con la protecci\u00f3n y el respeto de la informaci\u00f3n personal tambi\u00e9n se extiende a otras personas que pueden frecuentar\u00a0<a href=\"https:\/\/wmr-law.ca\/\">https:\/\/wmr-law.ca\/<\/a>\u00a0 (&#8220;Sitio web&#8221;) as\u00ed como\u00a0<a href=\"https:\/\/immigrationfrancequebec.com\/\">immigrationfrancequebec.com\/<\/a>\u00a0,\u00a0<a href=\"https:\/\/immigrant-entrepreneur.ca\/\">immigrant-entrepreneur.ca\/<\/a>\u00a0y\u00a0<a href=\"https:\/\/derechoparainmigrantes.ca\/\">derechoparainmigrantes.ca\/<\/a>\u00a0(&#8220;Blogs&#8221;).<\/p>\n<p>El objetivo de esta pol\u00edtica de privacidad es ayudarle a entender nuestras pr\u00e1cticas: c\u00f3mo recopilamos, utilizamos y retenemos su informaci\u00f3n personal, as\u00ed como los casos excepcionales en los que podr\u00edamos revelar la informaci\u00f3n personal a terceros. Al proporcionarnos informaci\u00f3n a trav\u00e9s de nuestro sitio web, blogs, tel\u00e9fono, correo electr\u00f3nico o en persona, usted acepta esta pol\u00edtica de privacidad. Si tiene alguna pregunta o inquietud, no dude en contactar con nosotros a trav\u00e9s del correo electr\u00f3nico info@wmr-law.ca o por correo postal a la direcci\u00f3n que se indica m\u00e1s abajo.<\/p>\n<p>&nbsp;<\/p>\n<p><strong><u>1- \u00bfQui\u00e9nes somos?<\/u><\/strong><\/p>\n<p>Wellstein Mora Rodriguez International s.a. (&#8220;WMR&#8221;, &#8220;nosotros&#8221;, &#8220;nuestro&#8221;) es la segunda oficina norteamericana del bufete de abogados, que fue fundada inicialmente en Washington D.C. Nos enorgullece ofrecer servicios legales de primer nivel a nuestros clientes, tanto locales como internacionales. A menos que se especifique expresamente lo contrario, WMR es el responsable del manejo de su informaci\u00f3n personal. Esto significa que WMR determina, por s\u00ed solo o conjuntamente con otros, las razones para las cuales y la forma en que se usar\u00e1 su informaci\u00f3n personal.<\/p>\n<p>&nbsp;<\/p>\n<p><strong><u>2- \u00bfQu\u00e9 informaci\u00f3n recolectamos?<\/u><\/strong><\/p>\n<ol type=\"a\">\n<li><strong>Informaci\u00f3n de identidad<\/strong>, como por ejemplo nombre, apellido, apellido de soltera, nombre de usuario o identificador similar, estado civil, fecha de nacimiento y sexo;<\/li>\n<li><strong>Informaci\u00f3n de contacto<\/strong>, como por ejemplo direcci\u00f3n residencial, correo electr\u00f3nico, n\u00famero de tel\u00e9fono;<\/li>\n<li><strong>Informaci\u00f3n biogr\u00e1ficos<\/strong>, como por ejemplo la ocupaci\u00f3n, empleo actual, empleador, fotograf\u00eda;<\/li>\n<li><strong>Informaci\u00f3n laboral\u00a0<\/strong>tal como cualquier informaci\u00f3n relacionada con una postulaci\u00f3n para trabajar en WMR, incluyendo su CV, educaci\u00f3n, historial de empleo y membres\u00edas profesionales;<\/li>\n<li><strong>Informaci\u00f3n financiera\u00a0<\/strong>como su instituci\u00f3n financiera, cuenta bancaria, direcci\u00f3n de facturaci\u00f3n e informaci\u00f3n de pago;<\/li>\n<li><strong>Informaci\u00f3n sobre servicios<\/strong>, como por ejemplo el detalles de los servicios que se nos han solicitado que hemos prestado;<\/li>\n<li><strong>Datos de uso\u00a0<\/strong>como informaci\u00f3n sobre el uso de nuestro sitio web, blogs y servicios legales, as\u00ed como dem\u00e1s informaci\u00f3n recogida a trav\u00e9s de cookies y otras tecnolog\u00edas de seguimiento;<\/li>\n<li><strong>Informaci\u00f3n para marketing y comunicaciones\u00a0<\/strong>como preferencias de comunicaci\u00f3n;<\/li>\n<li><strong>Cualquier otra informaci\u00f3n<\/strong>\u00a0que nos sea proporcionada voluntariamente.<\/li>\n<\/ol>\n<p>Tenga en cuenta que si nos proporciona la informaci\u00f3n personal de un tercero, usted deber\u00e1 obtener su consentimiento y darle un aviso apropiado antes de dicha divulgaci\u00f3n.<\/p>\n<p>No recopilamos intencionalmente informaci\u00f3n personal de menores de 16 a\u00f1os, excepto con el consentimiento previo y expreso de los padres o tutores. Tampoco recopilamos informaci\u00f3n relacionada con la raza, etnia, creencias religiosas, orientaci\u00f3n sexual, opiniones pol\u00edticas, informaci\u00f3n sanitaria o datos gen\u00e9ticos o biom\u00e9tricos, a menos que dicha informaci\u00f3n nos sea proporcionada con su consentimiento.<\/p>\n<p>&nbsp;<\/p>\n<p><strong><u>3- \u00bfC\u00f3mo usamos su informaci\u00f3n personal?<\/u><\/strong><\/p>\n<p>S\u00f3lo utilizaremos su informaci\u00f3n personal de conformidad con la ley. Normalmente la utilizaremos de las siguientes maneras:<\/p>\n<ul>\n<li>Proporcionar servicios legales, cumplir con nuestras obligaciones contractuales y responder consultas;<\/li>\n<li>Para asegurar que se nos pague por nuestros servicios, y para cobrar cuentas pendientes;<\/li>\n<li>Mantener y facilitar el uso de nuestro sitio web y blogs;<\/li>\n<li>Con fines de comercializaci\u00f3n y desarrollo empresarial;<\/li>\n<li>Con fines de investigaci\u00f3n y desarrollo;<\/li>\n<li>Con fines de contrataci\u00f3n;<\/li>\n<li>Para cumplir con nuestras obligaciones legales.<\/li>\n<\/ul>\n<p>Los fundamentos legales en los que nos basamos para procesar su informaci\u00f3n personal son los siguientes:<\/p>\n<ul>\n<li>Usted nos ha dado su consentimiento para el manejo de su informaci\u00f3n personal con uno o m\u00e1s fines espec\u00edficos;<\/li>\n<li>El uso de la informaci\u00f3n es necesario para la ejecuci\u00f3n de un contrato en el que usted es parte;<\/li>\n<li>El uso de la informaci\u00f3n es necesario para cumplir con nuestras obligaciones legales;<\/li>\n<li>El uso de la informaci\u00f3n es necesario para proteger sus intereses vitales;<\/li>\n<li>El uso de la informaci\u00f3n es necesario para realizar una tarea de inter\u00e9s p\u00fablico o en ejercicio de una potestad oficial que nos ha sido conferida;<\/li>\n<li>El uso de la informaci\u00f3n es necesario para la protecci\u00f3n de nuestros intereses leg\u00edtimos, excepto cuando dichos intereses no prevalecer sobre sus intereses personales o sus derechos y libertades fundamentales.<\/li>\n<\/ul>\n<p>&nbsp;<\/p>\n<p><strong><u>4- Divulgaci\u00f3n de su informaci\u00f3n personal<\/u><\/strong><\/p>\n<p>WMR es una firma de abogados internacional con oficinas afiliadas en Washington DC. Como tal, la informaci\u00f3n personal recogida por WMR puede ser compartida con nuestras oficinas afiliadas. En algunos casos, la informaci\u00f3n personal tambi\u00e9n podr\u00eda ser divulgada a terceros, incluyendo:<\/p>\n<ul>\n<li>Las autoridades encargadas de hacer cumplir la ley y las entidades gubernamentales cuando la ley as\u00ed lo exija;<\/li>\n<li>Proveedores de servicios de TI que nos ayudan, en particular, con el desarrollo y mantenimiento de nuestro sitio web y blogs. La informaci\u00f3n personal facilitada a estos terceros se limitar\u00e1 a lo estrictamente necesario para el cumplimiento de sus obligaciones;<\/li>\n<li>Entidades financieras para el pago de facturas, por ejemplo.<\/li>\n<\/ul>\n<p>&nbsp;<\/p>\n<p><strong><u>5- Almacenamiento de su informaci\u00f3n personal<\/u><\/strong><\/p>\n<p>Por lo general, la informaci\u00f3n personal s\u00f3lo se almacenar\u00e1 durante el tiempo razonablemente necesario para completar los fines para los que la recopilamos. Tambi\u00e9n podemos conservar su informaci\u00f3n personal durante un per\u00edodo de tiempo m\u00e1s largo para cumplir con cualquier obligaci\u00f3n legal o reglamentaria. Si desea m\u00e1s informaci\u00f3n sobre el almacenamiento de su informaci\u00f3n personal, p\u00f3ngase en contacto con nosotros en info@wmr-law.ca.<\/p>\n<p>Al ser un bufete de abogados con oficinas afiliadas en el extranjero, su informaci\u00f3n personal puede ser almacenada y procesada en cualquier pa\u00eds donde tenemos oficinas afiliadas o en el que participamos con proveedores de servicios de terceros, como los Estados Unidos. En cualquier caso, siempre que su informaci\u00f3n personal se transfiera a nivel internacional, nos aseguramos de que se respeten normas de privacidad similares.<\/p>\n<p>&nbsp;<\/p>\n<p><strong><u>6- Protecci\u00f3n de su informaci\u00f3n personal<\/u><\/strong><\/p>\n<p>Tomamos precauciones para proteger su informaci\u00f3n personal. Cuando nos env\u00eda informaci\u00f3n, sus datos est\u00e1n protegidos tanto online como offline.<\/p>\n<p>Donde quiera que recopilemos su informaci\u00f3n online, esos datos son encriptados y nos son transmitidos de una manera segura. Puede verificar esto buscando un icono de bloqueo en la barra de direcciones y buscando &#8220;https&#8221; al principio de la direcci\u00f3n de la p\u00e1gina web.<\/p>\n<p>Si bien utilizamos el cifrado para proteger la informaci\u00f3n confidencial transmitida online, tambi\u00e9n protegemos su informaci\u00f3n offline. S\u00f3lo los empleados que necesitan la informaci\u00f3n para desempe\u00f1ar sus funciones tienen acceso a la informaci\u00f3n de identificaci\u00f3n personal. Adem\u00e1s, los ordenadores y servidores en los que almacenamos informaci\u00f3n personal se mantienen en un entorno seguro.<\/p>\n<p>Sin embargo, es importante se\u00f1alar que no podemos garantizar una seguridad del 100%.<\/p>\n<p>&nbsp;<\/p>\n<p><strong><u>7- Sus derechos<\/u><\/strong><\/p>\n<p>En ciertos casos, usted tiene derechos bajo las leyes de protecci\u00f3n de informaci\u00f3n personal aplicables. Estos derechos incluyen:<\/p>\n<ul>\n<li>El derecho a solicitar el acceso a su informaci\u00f3n personal. Es posible que se le solicite que demuestre su identidad antes de que proporcionemos esta informaci\u00f3n. Tambi\u00e9n pueden aplicarse cargos administrativos razonables;<\/li>\n<li>El derecho a solicitar la correcci\u00f3n de la informaci\u00f3n personal que pueda ser inexacta o estar incompleta:<\/li>\n<li>El derecho a solicitar la supresi\u00f3n de su informaci\u00f3n personal, tambi\u00e9n conocido como el derecho a ser olvidado. Este derecho puede ser limitado si estamos obligados a conservar estos datos para cumplir con una obligaci\u00f3n legal o para ejercer o defender demandas legales;<\/li>\n<li>El derecho a la objeci\u00f3n, en virtud del cual puede oponerse a la utilizaci\u00f3n de su informaci\u00f3n personal cuando la misma sea contraria a un inter\u00e9s leg\u00edtimo;<\/li>\n<li>El derecho a solicitar el uso restringido de su informaci\u00f3n personal si considera que dicha informaci\u00f3n es incorrecta o que el uso es ilegal;<\/li>\n<li>El derecho a solicitar la transferencia de su informaci\u00f3n personal a otra parte;<\/li>\n<li>El derecho a impugnar las decisiones automatizadas cuando tengan un efecto significativo;<\/li>\n<li>El derecho a retirar su consentimiento para el uso de su informaci\u00f3n personal.<\/li>\n<\/ul>\n<p>&nbsp;<\/p>\n<p><strong><u>8- Cookies<\/u><\/strong><\/p>\n<p>Una cookie es un peque\u00f1o archivo inform\u00e1tico o informaci\u00f3n que puede almacenarse en el disco duro de su ordenador cuando visita nuestro sitio web o blogs. Podemos utilizar cookies para mejorar la funcionalidad de nuestro sitio web y blogs, y en algunos casos, para proporcionar a los visitantes una experiencia en l\u00ednea personalizada.<\/p>\n<p>Las cookies son ampliamente utilizadas y la mayor\u00eda de los navegadores web est\u00e1n configurados inicialmente para aceptar cookies autom\u00e1ticamente. Puede cambiar la configuraci\u00f3n de su navegador de Internet para evitar que su equipo acepte cookies o para notificarle cuando recibe una cookie, lo que le permitir\u00e1 rechazarlas. Tenga en cuenta, sin embargo, que si desactiva las cookies, es posible que no experimente un rendimiento \u00f3ptimo de nuestro sitio web o blogs.<\/p>\n<p>&nbsp;<\/p>\n<p><strong><u>9- Contacto<\/u><\/strong><\/p>\n<p>Para cualquier pregunta relacionada con esta pol\u00edtica de privacidad, para ejercer cualquiera de sus derechos personales establecidos en ella, o para obtener m\u00e1s informaci\u00f3n a prop\u00f3sito de cualquiera de los temas abordados en este documento, por favor cont\u00e1ctenos por correo electr\u00f3nico a\u00a0<a href=\"mailto:info@wmr-law.com\">info@wmr-law.com<\/a>\u00a0o utilizando la siguiente direcci\u00f3n postal:<\/p>\n<p>Wellstein Mora Rodriguez International s.a.<\/p>\n<p>1980 Sherbrooke St. W., Suite 700<\/p>\n<p>Montreal, Quebec, H3H 1E8<\/p>\n<p>&nbsp;<\/p>\n<p><strong><u>10- Actualizaciones de la pol\u00edtica de privacidad<\/u><\/strong><\/p>\n<p>En cualquier momento, podemos cambiar el contenido de nuestro sitio web y blogs, y c\u00f3mo utilizamos las cookies, sin previo aviso. Como tal, esta pol\u00edtica de privacidad puede cambiar en el futuro, sin previo aviso. Para mantenerse informado, le invitamos a revisarla con regularidad.<\/p>\n<p>Esta pol\u00edtica de privacidad se actualiz\u00f3 por \u00faltima vez en<strong>\u00a0abril de 2020<\/strong>.<\/p>\n","protected":false},"excerpt":{"rendered":"<p>Bienvenidos a la pol\u00edtica de privacidad de Wellstein Mora Rodr\u00edguez International s.a. Como firma de abogados, recopilamos, utilizamos y divulgamos informaci\u00f3n en nuestras operaciones diarias. La confidencialidad es de suma importancia para nosotros. Nos comprometemos a proteger la informaci\u00f3n personal de nuestros clientes, de acuerdo con las leyes aplicables y nuestras obligaciones profesionales. Nuestro compromiso con la protecci\u00f3n y el respeto de la informaci\u00f3n personal tambi\u00e9n se extiende a otras personas que pueden frecuentar\u00a0https:\/\/wmr-law.ca\/\u00a0 (&#8220;Sitio web&#8221;) as\u00ed como\u00a0immigrationfrancequebec.com\/\u00a0,\u00a0immigrant-entrepreneur.ca\/\u00a0y\u00a0derechoparainmigrantes.ca\/\u00a0(&#8220;Blogs&#8221;). El objetivo de esta pol\u00edtica de privacidad es ayudarle a entender nuestras pr\u00e1cticas: c\u00f3mo recopilamos, utilizamos y retenemos su informaci\u00f3n personal, as\u00ed como los casos excepcionales en los que podr\u00edamos revelar la informaci\u00f3n personal a terceros. Al proporcionarnos informaci\u00f3n a trav\u00e9s de nuestro sitio web, blogs, tel\u00e9fono, correo electr\u00f3nico o en persona, usted acepta esta pol\u00edtica de privacidad. Si tiene alguna pregunta o inquietud, no dude en contactar con nosotros a trav\u00e9s del correo electr\u00f3nico info@wmr-law.ca o por correo postal a la direcci\u00f3n que se indica m\u00e1s abajo. &nbsp; 1- \u00bfQui\u00e9nes somos? Wellstein Mora Rodriguez International s.a. (&#8220;WMR&#8221;, &#8220;nosotros&#8221;, &#8220;nuestro&#8221;) es la segunda oficina norteamericana del bufete de abogados, que fue fundada inicialmente en Washington D.C. Nos enorgullece ofrecer servicios legales de primer nivel a nuestros clientes, tanto locales como internacionales. A menos que se especifique expresamente lo contrario, WMR es el responsable del manejo de su informaci\u00f3n personal. Esto significa que WMR determina, por s\u00ed solo o conjuntamente con otros, las razones para las cuales y la forma en que se usar\u00e1 su informaci\u00f3n personal. &nbsp; 2- \u00bfQu\u00e9 informaci\u00f3n recolectamos? Informaci\u00f3n de identidad, como por ejemplo nombre, apellido, apellido de soltera, nombre de usuario o identificador similar, estado civil, fecha de nacimiento y sexo; Informaci\u00f3n de contacto, como por ejemplo direcci\u00f3n residencial, correo electr\u00f3nico, n\u00famero de tel\u00e9fono; Informaci\u00f3n biogr\u00e1ficos, como por ejemplo la ocupaci\u00f3n, empleo actual, empleador, fotograf\u00eda; Informaci\u00f3n laboral\u00a0tal como cualquier informaci\u00f3n relacionada con una postulaci\u00f3n para trabajar en WMR, incluyendo su CV, educaci\u00f3n, historial de empleo y membres\u00edas profesionales; Informaci\u00f3n financiera\u00a0como su instituci\u00f3n financiera, cuenta bancaria, direcci\u00f3n de facturaci\u00f3n e informaci\u00f3n de pago; Informaci\u00f3n sobre servicios, como por ejemplo el detalles de los servicios que se nos han solicitado que hemos prestado; Datos de uso\u00a0como informaci\u00f3n sobre el uso de nuestro sitio web, blogs y servicios legales, as\u00ed como dem\u00e1s informaci\u00f3n recogida a trav\u00e9s de cookies y otras tecnolog\u00edas de seguimiento; Informaci\u00f3n para marketing y comunicaciones\u00a0como preferencias de comunicaci\u00f3n; Cualquier otra informaci\u00f3n\u00a0que nos sea proporcionada voluntariamente. Tenga en cuenta que si nos proporciona la informaci\u00f3n personal de un tercero, usted deber\u00e1 obtener su consentimiento y darle un aviso apropiado antes de dicha divulgaci\u00f3n. No recopilamos intencionalmente informaci\u00f3n personal de menores de 16 a\u00f1os, excepto con el consentimiento previo y expreso de los padres o tutores. Tampoco recopilamos informaci\u00f3n relacionada con la raza, etnia, creencias religiosas, orientaci\u00f3n sexual, opiniones pol\u00edticas, informaci\u00f3n sanitaria o datos gen\u00e9ticos o biom\u00e9tricos, a menos que dicha informaci\u00f3n nos sea proporcionada con su consentimiento. &nbsp; 3- \u00bfC\u00f3mo usamos su informaci\u00f3n personal? S\u00f3lo utilizaremos su informaci\u00f3n personal de conformidad con la ley. Normalmente la utilizaremos de las siguientes maneras: Proporcionar servicios legales, cumplir con nuestras obligaciones contractuales y responder consultas; Para asegurar que se nos pague por nuestros servicios, y para cobrar cuentas pendientes; Mantener y facilitar el uso de nuestro sitio web y blogs; Con fines de comercializaci\u00f3n y desarrollo empresarial; Con fines de investigaci\u00f3n y desarrollo; Con fines de contrataci\u00f3n; Para cumplir con nuestras obligaciones legales. Los fundamentos legales en los que nos basamos para procesar su informaci\u00f3n personal son los siguientes: Usted nos ha dado su consentimiento para el manejo de su informaci\u00f3n personal con uno o m\u00e1s fines espec\u00edficos; El uso de la informaci\u00f3n es necesario para la ejecuci\u00f3n de un contrato en el que usted es parte; El uso de la informaci\u00f3n es necesario para cumplir con nuestras obligaciones legales; El uso de la informaci\u00f3n es necesario para proteger sus intereses vitales; El uso de la informaci\u00f3n es necesario para realizar una tarea de inter\u00e9s p\u00fablico o en ejercicio de una potestad oficial que nos ha sido conferida; El uso de la informaci\u00f3n es necesario para la protecci\u00f3n de nuestros intereses leg\u00edtimos, excepto cuando dichos intereses no prevalecer sobre sus intereses personales o sus derechos y libertades fundamentales. &nbsp; 4- Divulgaci\u00f3n de su informaci\u00f3n personal WMR es una firma de abogados internacional con oficinas afiliadas en Washington DC. Como tal, la informaci\u00f3n personal recogida por WMR puede ser compartida con nuestras oficinas afiliadas. En algunos casos, la informaci\u00f3n personal tambi\u00e9n podr\u00eda ser divulgada a terceros, incluyendo: Las autoridades encargadas de hacer cumplir la ley y las entidades gubernamentales cuando la ley as\u00ed lo exija; Proveedores de servicios de TI que nos ayudan, en particular, con el desarrollo y mantenimiento de nuestro sitio web y blogs. La informaci\u00f3n personal facilitada a estos terceros se limitar\u00e1 a lo estrictamente necesario para el cumplimiento de sus obligaciones; Entidades financieras para el pago de facturas, por ejemplo. &nbsp; 5- Almacenamiento de su informaci\u00f3n personal Por lo general, la informaci\u00f3n personal s\u00f3lo se almacenar\u00e1 durante el tiempo razonablemente necesario para completar los fines para los que la recopilamos. Tambi\u00e9n podemos conservar su informaci\u00f3n personal durante un per\u00edodo de tiempo m\u00e1s largo para cumplir con cualquier obligaci\u00f3n legal o reglamentaria. Si desea m\u00e1s informaci\u00f3n sobre el almacenamiento de su informaci\u00f3n personal, p\u00f3ngase en contacto con nosotros en info@wmr-law.ca. Al ser un bufete de abogados con oficinas afiliadas en el extranjero, su informaci\u00f3n personal puede ser almacenada y procesada en cualquier pa\u00eds donde tenemos oficinas afiliadas o en el que participamos con proveedores de servicios de terceros, como los Estados Unidos. En cualquier caso, siempre que su informaci\u00f3n personal se transfiera a nivel internacional, nos aseguramos de que se respeten normas de privacidad similares. &nbsp; 6- Protecci\u00f3n de su informaci\u00f3n personal Tomamos precauciones para proteger su informaci\u00f3n personal. Cuando nos env\u00eda informaci\u00f3n, sus datos est\u00e1n protegidos tanto online como offline. Donde quiera que recopilemos su informaci\u00f3n online, esos datos son encriptados y nos son transmitidos de una manera<\/p>\n","protected":false},"author":1,"featured_media":0,"parent":0,"menu_order":0,"comment_status":"closed","ping_status":"closed","template":"","meta":{"footnotes":""},"class_list":["post-8320","page","type-page","status-publish","hentry"],"aioseo_notices":[],"_links":{"self":[{"href":"https:\/\/wmr-law.ca\/es\/wp-json\/wp\/v2\/pages\/8320","targetHints":{"allow":["GET"]}}],"collection":[{"href":"https:\/\/wmr-law.ca\/es\/wp-json\/wp\/v2\/pages"}],"about":[{"href":"https:\/\/wmr-law.ca\/es\/wp-json\/wp\/v2\/types\/page"}],"author":[{"embeddable":true,"href":"https:\/\/wmr-law.ca\/es\/wp-json\/wp\/v2\/users\/1"}],"replies":[{"embeddable":true,"href":"https:\/\/wmr-law.ca\/es\/wp-json\/wp\/v2\/comments?post=8320"}],"version-history":[{"count":0,"href":"https:\/\/wmr-law.ca\/es\/wp-json\/wp\/v2\/pages\/8320\/revisions"}],"wp:attachment":[{"href":"https:\/\/wmr-law.ca\/es\/wp-json\/wp\/v2\/media?parent=8320"}],"curies":[{"name":"wp","href":"https:\/\/api.w.org\/{rel}","templated":true}]}}